{"id":1294,"date":"2014-12-30T12:44:18","date_gmt":"2014-12-30T12:44:18","guid":{"rendered":"http:\/\/sfrancesc.reus.arqtgn.cat\/horario-misas\/"},"modified":"2024-10-26T14:42:06","modified_gmt":"2024-10-26T14:42:06","slug":"horario-misas","status":"publish","type":"page","link":"https:\/\/sfrancesc.reus.arqtgn.cat\/es\/horario-misas\/","title":{"rendered":"HORARIO MISAS"},"content":{"rendered":"<p>D\u00cdAS LABORABLES<\/p>\n<ul>\n<li>19:30h\u00a0 \u00a0 \u00a0 \u00a0 \u00a0de lunes a s\u00e1bado<\/li>\n<\/ul>\n<p>S\u00c1BADOS Y VIGILIAS DE FIESTA<\/p>\n<ul>\n<li>19:30h catal\u00e1n<\/li>\n<\/ul>\n<p>DOMINGOS<\/p>\n<ul>\n<li>9h castellano<\/li>\n<li>11h catal\u00e1n<\/li>\n<li>12:15 Misa Familiar (solamente los domingos de<strong> octubre a mayo. Consulte la pesta\u00f1a: Misas Familiares<\/strong>)<\/li>\n<\/ul>\n<p>Consulten los horarios de Misas de los dias festivos (p.e. fiestas de Navidad) en el apartado FIESTAS de esta Web .<\/p>\n\n\n<figure class=\"wp-block-gallery has-nested-images columns-default is-cropped wp-block-gallery-1 is-layout-flex wp-block-gallery-is-layout-flex\">\n<figure class=\"wp-block-image size-large\"><a href=\"https:\/\/sfrancesc.reus.arqtgn.cat\/wp-content\/uploads\/sites\/46\/2024\/10\/HORARI-MISSES-2024-2025-1-724x1024.jpg\"><img loading=\"lazy\" decoding=\"async\" width=\"724\" height=\"1024\" data-id=\"3642\" src=\"https:\/\/sfrancesc.reus.arqtgn.cat\/wp-content\/uploads\/sites\/46\/2024\/10\/HORARI-MISSES-2024-2025-1-724x1024.jpg\" alt=\"\" class=\"wp-image-3642\" srcset=\"https:\/\/sfrancesc.reus.arqtgn.cat\/wp-content\/uploads\/sites\/46\/2024\/10\/HORARI-MISSES-2024-2025-1-724x1024.jpg 724w, https:\/\/sfrancesc.reus.arqtgn.cat\/wp-content\/uploads\/sites\/46\/2024\/10\/HORARI-MISSES-2024-2025-1-212x300.jpg 212w, https:\/\/sfrancesc.reus.arqtgn.cat\/wp-content\/uploads\/sites\/46\/2024\/10\/HORARI-MISSES-2024-2025-1-768x1086.jpg 768w, https:\/\/sfrancesc.reus.arqtgn.cat\/wp-content\/uploads\/sites\/46\/2024\/10\/HORARI-MISSES-2024-2025-1-1086x1536.jpg 1086w, https:\/\/sfrancesc.reus.arqtgn.cat\/wp-content\/uploads\/sites\/46\/2024\/10\/HORARI-MISSES-2024-2025-1-1448x2048.jpg 1448w, https:\/\/sfrancesc.reus.arqtgn.cat\/wp-content\/uploads\/sites\/46\/2024\/10\/HORARI-MISSES-2024-2025-1.jpg 1754w\" sizes=\"auto, (max-width: 724px) 100vw, 724px\" \/><\/a><\/figure>\n<\/figure>\n\n\n\n<figure class=\"wp-block-gallery has-nested-images columns-default is-cropped wp-block-gallery-2 is-layout-flex wp-block-gallery-is-layout-flex\"><\/figure>\n\n\n\n<figure class=\"wp-block-gallery has-nested-images columns-default is-cropped wp-block-gallery-3 is-layout-flex wp-block-gallery-is-layout-flex\"><\/figure>\n","protected":false},"excerpt":{"rendered":"<p>D\u00cdAS LABORABLES 19:30h\u00a0 \u00a0 \u00a0 \u00a0 \u00a0de lunes a s\u00e1bado S\u00c1BADOS Y VIGILIAS DE FIESTA 19:30h catal\u00e1n DOMINGOS 9h castellano 11h catal\u00e1n 12:15 Misa Familiar (solamente los domingos de octubre a mayo. Consulte la pesta\u00f1a: Misas Familiares) Consulten los horarios de Misas de los dias festivos (p.e. fiestas de Navidad) en el apartado FIESTAS de &hellip; <a href=\"https:\/\/sfrancesc.reus.arqtgn.cat\/es\/horario-misas\/\" class=\"more-link\">Seguir leyendo <span class=\"screen-reader-text\">HORARIO MISAS<\/span> <span class=\"meta-nav\">&rarr;<\/span><\/a><\/p>\n","protected":false},"author":46,"featured_media":0,"parent":0,"menu_order":1,"comment_status":"closed","ping_status":"closed","template":"","meta":{"footnotes":""},"class_list":["post-1294","page","type-page","status-publish","hentry"],"amp_enabled":true,"_links":{"self":[{"href":"https:\/\/sfrancesc.reus.arqtgn.cat\/es\/wp-json\/wp\/v2\/pages\/1294","targetHints":{"allow":["GET"]}}],"collection":[{"href":"https:\/\/sfrancesc.reus.arqtgn.cat\/es\/wp-json\/wp\/v2\/pages"}],"about":[{"href":"https:\/\/sfrancesc.reus.arqtgn.cat\/es\/wp-json\/wp\/v2\/types\/page"}],"author":[{"embeddable":true,"href":"https:\/\/sfrancesc.reus.arqtgn.cat\/es\/wp-json\/wp\/v2\/users\/46"}],"replies":[{"embeddable":true,"href":"https:\/\/sfrancesc.reus.arqtgn.cat\/es\/wp-json\/wp\/v2\/comments?post=1294"}],"version-history":[{"count":47,"href":"https:\/\/sfrancesc.reus.arqtgn.cat\/es\/wp-json\/wp\/v2\/pages\/1294\/revisions"}],"predecessor-version":[{"id":3646,"href":"https:\/\/sfrancesc.reus.arqtgn.cat\/es\/wp-json\/wp\/v2\/pages\/1294\/revisions\/3646"}],"wp:attachment":[{"href":"https:\/\/sfrancesc.reus.arqtgn.cat\/es\/wp-json\/wp\/v2\/media?parent=1294"}],"curies":[{"name":"wp","href":"https:\/\/api.w.org\/{rel}","templated":true}]}}